{"id":3710,"date":"2025-03-16T21:56:44","date_gmt":"2025-03-17T03:56:44","guid":{"rendered":"https:\/\/seal.com.gt\/?page_id=3710"},"modified":"2025-03-16T21:56:45","modified_gmt":"2025-03-17T03:56:45","slug":"camara-de-industria-de-guatemala","status":"publish","type":"page","link":"https:\/\/seal.com.gt\/en\/organizaciones\/camara-de-industria-de-guatemala\/","title":{"rendered":"C\u00e1mara de Industria de Guatemala"},"content":{"rendered":"<p>CIG es una organizaci\u00f3n hist\u00f3ricamente ligada al desarrollo econ\u00f3mico del pa\u00eds, que existe y trabaja por los guatemaltecos. Creemos que la industria es el potencial m\u00e1s poderoso para generar desarrollo y riqueza para un pa\u00eds. Estamos convencidos de que la industria formal se produce bajo la observaci\u00f3n de buenas pr\u00e1cticas laborales, ambientales y de producci\u00f3n y que representa oportunidades de empleo, riqueza y desarrollo para el pa\u00eds.<\/p>","protected":false},"excerpt":{"rendered":"<p>CIG es una organizaci\u00f3n hist\u00f3ricamente ligada al desarrollo econ\u00f3mico del pa\u00eds, que existe y trabaja por los guatemaltecos. Creemos que la industria es el potencial m\u00e1s poderoso para generar desarrollo y riqueza para un pa\u00eds. Estamos convencidos de que la industria formal se produce bajo la observaci\u00f3n de buenas pr\u00e1cticas laborales, ambientales y de producci\u00f3n [&hellip;]<\/p>\n","protected":false},"author":17,"featured_media":0,"parent":3679,"menu_order":0,"comment_status":"closed","ping_status":"closed","template":"","meta":{"footnotes":""},"class_list":["post-3710","page","type-page","status-publish","hentry"],"yoast_head":"<!-- This site is optimized with the Yoast SEO plugin v27.5 - https:\/\/yoast.com\/product\/yoast-seo-wordpress\/ -->\n<title>C\u00e1mara de Industria de Guatemala - SEAL<\/title>\n<meta name=\"robots\" content=\"index, follow, max-snippet:-1, max-image-preview:large, max-video-preview:-1\" \/>\n<link rel=\"canonical\" href=\"https:\/\/seal.com.gt\/en\/organizaciones\/camara-de-industria-de-guatemala\/\" \/>\n<meta property=\"og:locale\" content=\"en_US\" \/>\n<meta property=\"og:type\" content=\"article\" \/>\n<meta property=\"og:title\" content=\"C\u00e1mara de Industria de Guatemala - SEAL\" \/>\n<meta property=\"og:description\" content=\"CIG es una organizaci\u00f3n hist\u00f3ricamente ligada al desarrollo econ\u00f3mico del pa\u00eds, que existe y trabaja por los guatemaltecos. Creemos que la industria es el potencial m\u00e1s poderoso para generar desarrollo y riqueza para un pa\u00eds. Estamos convencidos de que la industria formal se produce bajo la observaci\u00f3n de buenas pr\u00e1cticas laborales, ambientales y de producci\u00f3n [&hellip;]\" \/>\n<meta property=\"og:url\" content=\"https:\/\/seal.com.gt\/en\/organizaciones\/camara-de-industria-de-guatemala\/\" \/>\n<meta property=\"og:site_name\" content=\"SEAL\" \/>\n<meta property=\"article:publisher\" content=\"https:\/\/www.facebook.com\/sealgt\/\" \/>\n<meta property=\"article:modified_time\" content=\"2025-03-17T03:56:45+00:00\" \/>\n<meta name=\"twitter:card\" content=\"summary_large_image\" \/>\n<meta name=\"twitter:site\" content=\"@SealGT\" \/>\n<script type=\"application\/ld+json\" class=\"yoast-schema-graph\">{\"@context\":\"https:\\\/\\\/schema.org\",\"@graph\":[{\"@type\":\"WebPage\",\"@id\":\"https:\\\/\\\/seal.com.gt\\\/organizaciones\\\/camara-de-industria-de-guatemala\\\/\",\"url\":\"https:\\\/\\\/seal.com.gt\\\/organizaciones\\\/camara-de-industria-de-guatemala\\\/\",\"name\":\"C\u00e1mara de Industria de Guatemala - SEAL\",\"isPartOf\":{\"@id\":\"https:\\\/\\\/www.seal.com.gt\\\/en\\\/#website\"},\"datePublished\":\"2025-03-17T03:56:44+00:00\",\"dateModified\":\"2025-03-17T03:56:45+00:00\",\"breadcrumb\":{\"@id\":\"https:\\\/\\\/seal.com.gt\\\/organizaciones\\\/camara-de-industria-de-guatemala\\\/#breadcrumb\"},\"inLanguage\":\"en-US\",\"potentialAction\":[{\"@type\":\"ReadAction\",\"target\":[\"https:\\\/\\\/seal.com.gt\\\/organizaciones\\\/camara-de-industria-de-guatemala\\\/\"]}]},{\"@type\":\"BreadcrumbList\",\"@id\":\"https:\\\/\\\/seal.com.gt\\\/organizaciones\\\/camara-de-industria-de-guatemala\\\/#breadcrumb\",\"itemListElement\":[{\"@type\":\"ListItem\",\"position\":1,\"name\":\"Portada\",\"item\":\"https:\\\/\\\/seal.com.gt\\\/\"},{\"@type\":\"ListItem\",\"position\":2,\"name\":\"Organizaciones\",\"item\":\"https:\\\/\\\/seal.com.gt\\\/organizaciones\\\/\"},{\"@type\":\"ListItem\",\"position\":3,\"name\":\"C\u00e1mara de Industria de Guatemala\"}]},{\"@type\":\"WebSite\",\"@id\":\"https:\\\/\\\/www.seal.com.gt\\\/en\\\/#website\",\"url\":\"https:\\\/\\\/www.seal.com.gt\\\/en\\\/\",\"name\":\"SEAL\",\"description\":\"Servicios especializados de aduana y log\u00edstica\",\"publisher\":{\"@id\":\"https:\\\/\\\/www.seal.com.gt\\\/en\\\/#organization\"},\"potentialAction\":[{\"@type\":\"SearchAction\",\"target\":{\"@type\":\"EntryPoint\",\"urlTemplate\":\"https:\\\/\\\/www.seal.com.gt\\\/en\\\/?s={search_term_string}\"},\"query-input\":{\"@type\":\"PropertyValueSpecification\",\"valueRequired\":true,\"valueName\":\"search_term_string\"}}],\"inLanguage\":\"en-US\"},{\"@type\":\"Organization\",\"@id\":\"https:\\\/\\\/www.seal.com.gt\\\/en\\\/#organization\",\"name\":\"Servicios Especializados de Aduana y Logistica\",\"url\":\"https:\\\/\\\/www.seal.com.gt\\\/en\\\/\",\"logo\":{\"@type\":\"ImageObject\",\"inLanguage\":\"en-US\",\"@id\":\"https:\\\/\\\/www.seal.com.gt\\\/en\\\/#\\\/schema\\\/logo\\\/image\\\/\",\"url\":\"https:\\\/\\\/seal.com.gt\\\/wp-content\\\/uploads\\\/2019\\\/07\\\/seal-guatemala.png\",\"contentUrl\":\"https:\\\/\\\/seal.com.gt\\\/wp-content\\\/uploads\\\/2019\\\/07\\\/seal-guatemala.png\",\"width\":110,\"height\":75,\"caption\":\"Servicios Especializados de Aduana y Logistica\"},\"image\":{\"@id\":\"https:\\\/\\\/www.seal.com.gt\\\/en\\\/#\\\/schema\\\/logo\\\/image\\\/\"},\"sameAs\":[\"https:\\\/\\\/www.facebook.com\\\/sealgt\\\/\",\"https:\\\/\\\/x.com\\\/SealGT\",\"https:\\\/\\\/www.instagram.com\\\/sealgt_\\\/\",\"https:\\\/\\\/www.linkedin.com\\\/company\\\/sealgt\\\/\",\"https:\\\/\\\/www.youtube.com\\\/channel\\\/UCR7Hlb1FvtE-_dX61LGES_w\"]}]}<\/script>\n<!-- \/ Yoast SEO plugin. -->","yoast_head_json":{"title":"C\u00e1mara de Industria de Guatemala - SEAL","robots":{"index":"index","follow":"follow","max-snippet":"max-snippet:-1","max-image-preview":"max-image-preview:large","max-video-preview":"max-video-preview:-1"},"canonical":"https:\/\/seal.com.gt\/en\/organizaciones\/camara-de-industria-de-guatemala\/","og_locale":"en_US","og_type":"article","og_title":"C\u00e1mara de Industria de Guatemala - SEAL","og_description":"CIG es una organizaci\u00f3n hist\u00f3ricamente ligada al desarrollo econ\u00f3mico del pa\u00eds, que existe y trabaja por los guatemaltecos. Creemos que la industria es el potencial m\u00e1s poderoso para generar desarrollo y riqueza para un pa\u00eds. Estamos convencidos de que la industria formal se produce bajo la observaci\u00f3n de buenas pr\u00e1cticas laborales, ambientales y de producci\u00f3n [&hellip;]","og_url":"https:\/\/seal.com.gt\/en\/organizaciones\/camara-de-industria-de-guatemala\/","og_site_name":"SEAL","article_publisher":"https:\/\/www.facebook.com\/sealgt\/","article_modified_time":"2025-03-17T03:56:45+00:00","twitter_card":"summary_large_image","twitter_site":"@SealGT","schema":{"@context":"https:\/\/schema.org","@graph":[{"@type":"WebPage","@id":"https:\/\/seal.com.gt\/organizaciones\/camara-de-industria-de-guatemala\/","url":"https:\/\/seal.com.gt\/organizaciones\/camara-de-industria-de-guatemala\/","name":"C\u00e1mara de Industria de Guatemala - SEAL","isPartOf":{"@id":"https:\/\/www.seal.com.gt\/en\/#website"},"datePublished":"2025-03-17T03:56:44+00:00","dateModified":"2025-03-17T03:56:45+00:00","breadcrumb":{"@id":"https:\/\/seal.com.gt\/organizaciones\/camara-de-industria-de-guatemala\/#breadcrumb"},"inLanguage":"en-US","potentialAction":[{"@type":"ReadAction","target":["https:\/\/seal.com.gt\/organizaciones\/camara-de-industria-de-guatemala\/"]}]},{"@type":"BreadcrumbList","@id":"https:\/\/seal.com.gt\/organizaciones\/camara-de-industria-de-guatemala\/#breadcrumb","itemListElement":[{"@type":"ListItem","position":1,"name":"Portada","item":"https:\/\/seal.com.gt\/"},{"@type":"ListItem","position":2,"name":"Organizaciones","item":"https:\/\/seal.com.gt\/organizaciones\/"},{"@type":"ListItem","position":3,"name":"C\u00e1mara de Industria de Guatemala"}]},{"@type":"WebSite","@id":"https:\/\/www.seal.com.gt\/en\/#website","url":"https:\/\/www.seal.com.gt\/en\/","name":"SEAL","description":"Servicios especializados de aduana y log\u00edstica","publisher":{"@id":"https:\/\/www.seal.com.gt\/en\/#organization"},"potentialAction":[{"@type":"SearchAction","target":{"@type":"EntryPoint","urlTemplate":"https:\/\/www.seal.com.gt\/en\/?s={search_term_string}"},"query-input":{"@type":"PropertyValueSpecification","valueRequired":true,"valueName":"search_term_string"}}],"inLanguage":"en-US"},{"@type":"Organization","@id":"https:\/\/www.seal.com.gt\/en\/#organization","name":"Servicios Especializados de Aduana y Logistica","url":"https:\/\/www.seal.com.gt\/en\/","logo":{"@type":"ImageObject","inLanguage":"en-US","@id":"https:\/\/www.seal.com.gt\/en\/#\/schema\/logo\/image\/","url":"https:\/\/seal.com.gt\/wp-content\/uploads\/2019\/07\/seal-guatemala.png","contentUrl":"https:\/\/seal.com.gt\/wp-content\/uploads\/2019\/07\/seal-guatemala.png","width":110,"height":75,"caption":"Servicios Especializados de Aduana y Logistica"},"image":{"@id":"https:\/\/www.seal.com.gt\/en\/#\/schema\/logo\/image\/"},"sameAs":["https:\/\/www.facebook.com\/sealgt\/","https:\/\/x.com\/SealGT","https:\/\/www.instagram.com\/sealgt_\/","https:\/\/www.linkedin.com\/company\/sealgt\/","https:\/\/www.youtube.com\/channel\/UCR7Hlb1FvtE-_dX61LGES_w"]}]}},"_links":{"self":[{"href":"https:\/\/seal.com.gt\/en\/wp-json\/wp\/v2\/pages\/3710","targetHints":{"allow":["GET"]}}],"collection":[{"href":"https:\/\/seal.com.gt\/en\/wp-json\/wp\/v2\/pages"}],"about":[{"href":"https:\/\/seal.com.gt\/en\/wp-json\/wp\/v2\/types\/page"}],"author":[{"embeddable":true,"href":"https:\/\/seal.com.gt\/en\/wp-json\/wp\/v2\/users\/17"}],"replies":[{"embeddable":true,"href":"https:\/\/seal.com.gt\/en\/wp-json\/wp\/v2\/comments?post=3710"}],"version-history":[{"count":0,"href":"https:\/\/seal.com.gt\/en\/wp-json\/wp\/v2\/pages\/3710\/revisions"}],"up":[{"embeddable":true,"href":"https:\/\/seal.com.gt\/en\/wp-json\/wp\/v2\/pages\/3679"}],"wp:attachment":[{"href":"https:\/\/seal.com.gt\/en\/wp-json\/wp\/v2\/media?parent=3710"}],"curies":[{"name":"wp","href":"https:\/\/api.w.org\/{rel}","templated":true}]}}